{"id":1541,"date":"2020-02-23T18:22:38","date_gmt":"2020-02-23T17:22:38","guid":{"rendered":"http:\/\/www.finhair.at\/cms\/?page_id=1541"},"modified":"2020-05-08T11:52:51","modified_gmt":"2020-05-08T10:52:51","slug":"impressum","status":"publish","type":"page","link":"https:\/\/www.finhair.at\/cms\/impressum\/","title":{"rendered":"Impressum"},"content":{"rendered":"<h1>Firmendaten<\/h1>\n<div>\n<p><strong>Inhaberin:<\/strong> Jozefina Pigel<\/p>\n<\/div>\n<div>\n<p><strong>T\u00e4tigkeitsbeschreibung: <\/strong>Fris\u00f6rsalons<\/p>\n<\/div>\n<h1>Haftung f\u00fcr Inhalte<\/h1>\n<div>\n<div class=\"uk-margin uk-text-justify\" data-id=\"page#1-1-1-1\">\n<div class=\"el-content uk-panel uk-margin-top\">\n<p>Trotz gr\u00f6\u00dftm\u00f6glicher Sorgfalt kann keine Haftung f\u00fcr die Korrektheit, Vollst\u00e4ndigkeit und Aktualit\u00e4t der Inhalte dieser Webseite \u00fcbernommen werden. \u00c4nderungen bleiben vorbehalten. Alle hier abrufbaren Informationen werden nur zum Zweck allgemeiner Information bereitgestellt und stellen in keinem Falle eine verbindliche Auskunft dar. Es wird keine Haftung f\u00fcr jedwede direkten oder indirekten Sch\u00e4den bzw. Folgesch\u00e4den, die sich aus der Nutzung dieser Webseite ergeben, \u00fcbernommen. Dieser Haftungsausschluss beinhaltet auch Sch\u00e4den durch Computerviren, Computerw\u00fcrmer, Trojaner oder \u00e4hnliche Schadsoftware. Unser Angebot enth\u00e4lt Links zu externen Webseiten Dritter, auf deren Inhalte wir keinen Einfluss haben. Externe Webseiten sind von dieser Website g\u00e4nzlich unabh\u00e4ngig und entziehen sich unserer Einflussnahme sowie Kontrolle. F\u00fcr Inhalte externer Websites wird daher keine Verantwortung \u00fcbernommen, vor allem nicht f\u00fcr ihre Richtigkeit, Vollst\u00e4ndigkeit, Aktualit\u00e4t oder Gesetzm\u00e4\u00dfigkeit.<\/p>\n<\/div>\n<\/div>\n<\/div>\n<h1>Urheberrecht<\/h1>\n<div>\n<p>Alle Inhalte und Werke auf meiner Seite unterliegen dem Urheberrecht. Vervielf\u00e4ltigung, Bearbeitung, Verbreitung und jede Art der Verwertung bedarf der schriftlichen Zustimmung des jeweiligen Autors bzw. Erstellers (soweit nicht anders angegeben sowie im Rahmen der G\u00fcltigkeit des Urheberrechts). Downloads und Kopien dieser Seite sind nicht gestattet.<\/p>\n<\/div>\n<h1>Datenschutz<\/h1>\n<div>\n<p>Der Schutz Ihrer pers\u00f6nlichen Daten bei der Nutzung dieser Website ist uns ein besonderes Anliegen. Ihre pers\u00f6nlichen Daten werden daher ausschlie\u00dflich unter Einhaltung der geltenden datenschutzrechtlichen Bestimmungen und ausschlie\u00dflich zum Zwecke der Diensterbringung, sofern erforderlich, verarbeitet. Erfahren Sie mehr \u00fcber unsere <a href=\"http:\/\/www.finhair.at\/cms\/datenschutz\/\">Datenschutzerkl\u00e4rung<\/a><\/p>\n<\/div>\n<p><!-- {\"type\":\"layout\",\"children\":[{\"type\":\"section\",\"props\":{\"style\":\"default\",\"width\":\"default\",\"vertical_align\":\"middle\",\"title_position\":\"top-left\",\"title_rotation\":\"left\",\"title_breakpoint\":\"xl\",\"image_position\":\"center-center\",\"text_color\":\"\",\"width_expand\":\"\",\"height\":\"\",\"padding\":\"\",\"header_transparent\":\"\",\"animation\":\"\"},\"children\":[{\"type\":\"row\",\"props\":{\"layout\":\"1-3,2-3\",\"breakpoint\":\"m\",\"fixed_width\":\"large\",\"column_gap\":\"\",\"row_gap\":\"\",\"width\":\"\",\"width_expand\":\"\",\"height\":\"\",\"margin\":\"\"},\"children\":[{\"type\":\"column\",\"props\":{\"image_position\":\"center-center\",\"media_overlay_gradient\":\"\",\"vertical_align\":\"\",\"style\":\"\",\"text_color\":\"\",\"padding\":\"\"},\"children\":[{\"type\":\"headline\",\"props\":{\"title_element\":\"h1\",\"title_style\":\"h2\",\"title_decoration\":\"bullet\",\"title_font_family\":\"\",\"title_color\":\"\",\"position\":\"\",\"position_z_index\":\"\",\"margin\":\"\",\"maxwidth\":\"\",\"maxwidth_breakpoint\":\"\",\"block_align\":\"\",\"block_align_breakpoint\":\"\",\"block_align_fallback\":\"\",\"text_align\":\"\",\"text_align_breakpoint\":\"\",\"text_align_fallback\":\"\",\"animation\":\"\",\"visibility\":\"\",\"content\":\"Firmendaten\"}}]},{\"type\":\"column\",\"props\":{\"image_position\":\"center-center\",\"media_overlay_gradient\":\"\",\"vertical_align\":\"\",\"style\":\"\",\"text_color\":\"\",\"padding\":\"\"},\"children\":[{\"type\":\"text\",\"props\":{\"margin\":\"default\",\"column_breakpoint\":\"m\",\"text_style\":\"\",\"text_color\":\"\",\"text_size\":\"\",\"column\":\"\",\"position\":\"\",\"position_z_index\":\"\",\"maxwidth\":\"\",\"maxwidth_breakpoint\":\"\",\"block_align\":\"\",\"block_align_breakpoint\":\"\",\"block_align_fallback\":\"\",\"text_align\":\"\",\"text_align_breakpoint\":\"\",\"text_align_fallback\":\"\",\"animation\":\"\",\"visibility\":\"\",\"content\":\"\n\n<p><strong>Inhaberin:<\\\/strong> Jozefina Pigel<\\\/p>\"}},{\"type\":\"wordpress_widget\",\"props\":{\"widget\":\"custom_html-4\",\"style\":\"\",\"title_style\":\"\",\"title_decoration\":\"\",\"title_font_family\":\"\",\"title_color\":\"\",\"list_style\":\"\",\"link_style\":\"\",\"menu_style\":\"nav\",\"position\":\"\",\"position_z_index\":\"\",\"margin\":\"\",\"maxwidth\":\"\",\"maxwidth_breakpoint\":\"\",\"block_align\":\"\",\"block_align_breakpoint\":\"\",\"block_align_fallback\":\"\",\"text_align\":\"\",\"text_align_breakpoint\":\"\",\"text_align_fallback\":\"\",\"animation\":\"\",\"visibility\":\"\",\"type\":\"custom_html\"}},{\"type\":\"text\",\"props\":{\"margin\":\"default\",\"column_breakpoint\":\"m\",\"text_style\":\"\",\"text_color\":\"\",\"text_size\":\"\",\"column\":\"\",\"position\":\"\",\"position_z_index\":\"\",\"maxwidth\":\"\",\"maxwidth_breakpoint\":\"\",\"block_align\":\"\",\"block_align_breakpoint\":\"\",\"block_align_fallback\":\"\",\"text_align\":\"\",\"text_align_breakpoint\":\"\",\"text_align_fallback\":\"\",\"animation\":\"\",\"visibility\":\"\",\"content\":\"\n\n<p><strong>T\\u00e4tigkeitsbeschreibung: <\\\/strong>Fris\\u00f6rsalons<\\\/p>\"}}]}]},{\"type\":\"row\",\"props\":{\"layout\":\"1-3,2-3\",\"breakpoint\":\"m\",\"fixed_width\":\"large\",\"column_gap\":\"\",\"row_gap\":\"\",\"width\":\"\",\"width_expand\":\"\",\"height\":\"\",\"margin\":\"\"},\"children\":[{\"type\":\"column\",\"props\":{\"image_position\":\"center-center\",\"media_overlay_gradient\":\"\",\"vertical_align\":\"\",\"style\":\"\",\"text_color\":\"\",\"padding\":\"\"},\"children\":[{\"type\":\"headline\",\"props\":{\"title_element\":\"h1\",\"title_style\":\"h2\",\"title_decoration\":\"bullet\",\"title_font_family\":\"\",\"title_color\":\"\",\"position\":\"\",\"position_z_index\":\"\",\"margin\":\"\",\"maxwidth\":\"\",\"maxwidth_breakpoint\":\"\",\"block_align\":\"\",\"block_align_breakpoint\":\"\",\"block_align_fallback\":\"\",\"text_align\":\"\",\"text_align_breakpoint\":\"\",\"text_align_fallback\":\"\",\"animation\":\"\",\"visibility\":\"\",\"content\":\"Haftung f\\u00fcr Inhalte\"}}]},{\"type\":\"column\",\"props\":{\"image_position\":\"center-center\",\"media_overlay_gradient\":\"\",\"vertical_align\":\"\",\"style\":\"\",\"text_color\":\"\",\"padding\":\"\"},\"children\":[{\"type\":\"text\",\"props\":{\"margin\":\"default\",\"column_breakpoint\":\"m\",\"text_style\":\"\",\"text_color\":\"\",\"text_size\":\"\",\"column\":\"\",\"position\":\"\",\"position_z_index\":\"\",\"maxwidth\":\"\",\"maxwidth_breakpoint\":\"\",\"block_align\":\"\",\"block_align_breakpoint\":\"\",\"block_align_fallback\":\"\",\"text_align\":\"\",\"text_align_breakpoint\":\"\",\"text_align_fallback\":\"\",\"animation\":\"\",\"visibility\":\"\",\"content\":\"\n\n<div class=\\\"uk-margin uk-text-justify\\\" data-id=\\\"page#1-1-1-1\\\">\\n\n\n<div class=\\\"el-content uk-panel uk-margin-top\\\">\\n\n\n<p>Trotz gr\\u00f6\\u00dftm\\u00f6glicher Sorgfalt kann keine Haftung f\\u00fcr die Korrektheit, Vollst\\u00e4ndigkeit und Aktualit\\u00e4t der Inhalte dieser Webseite \\u00fcbernommen werden. \\u00c4nderungen bleiben vorbehalten. Alle hier abrufbaren Informationen werden nur zum Zweck allgemeiner Information bereitgestellt und stellen in keinem Falle eine verbindliche Auskunft dar. Es wird keine Haftung f\\u00fcr jedwede direkten oder indirekten Sch\\u00e4den bzw. Folgesch\\u00e4den, die sich aus der Nutzung dieser Webseite ergeben, \\u00fcbernommen. Dieser Haftungsausschluss beinhaltet auch Sch\\u00e4den durch Computerviren, Computerw\\u00fcrmer, Trojaner oder \\u00e4hnliche Schadsoftware. Unser Angebot enth\\u00e4lt Links zu externen Webseiten Dritter, auf deren Inhalte wir keinen Einfluss haben. Externe Webseiten sind von dieser Website g\\u00e4nzlich unabh\\u00e4ngig und entziehen sich unserer Einflussnahme sowie Kontrolle. F\\u00fcr Inhalte externer Websites wird daher keine Verantwortung \\u00fcbernommen, vor allem nicht f\\u00fcr ihre Richtigkeit, Vollst\\u00e4ndigkeit, Aktualit\\u00e4t oder Gesetzm\\u00e4\\u00dfigkeit.<\\\/p>\\n<\\\/div>\\n<\\\/div>\"}}]}]},{\"type\":\"row\",\"props\":{\"layout\":\"1-3,2-3\",\"breakpoint\":\"m\",\"fixed_width\":\"large\",\"column_gap\":\"\",\"row_gap\":\"\",\"width\":\"\",\"width_expand\":\"\",\"height\":\"\",\"margin\":\"\"},\"children\":[{\"type\":\"column\",\"props\":{\"image_position\":\"center-center\",\"media_overlay_gradient\":\"\",\"vertical_align\":\"\",\"style\":\"\",\"text_color\":\"\",\"padding\":\"\"},\"children\":[{\"type\":\"headline\",\"props\":{\"title_element\":\"h1\",\"title_style\":\"h2\",\"title_decoration\":\"bullet\",\"title_font_family\":\"\",\"title_color\":\"\",\"position\":\"\",\"position_z_index\":\"\",\"margin\":\"\",\"maxwidth\":\"\",\"maxwidth_breakpoint\":\"\",\"block_align\":\"\",\"block_align_breakpoint\":\"\",\"block_align_fallback\":\"\",\"text_align\":\"\",\"text_align_breakpoint\":\"\",\"text_align_fallback\":\"\",\"animation\":\"\",\"visibility\":\"\",\"content\":\"Urheberrecht\"}}]},{\"type\":\"column\",\"props\":{\"image_position\":\"center-center\",\"media_overlay_gradient\":\"\",\"vertical_align\":\"\",\"style\":\"\",\"text_color\":\"\",\"padding\":\"\"},\"children\":[{\"type\":\"text\",\"props\":{\"margin\":\"default\",\"column_breakpoint\":\"m\",\"text_style\":\"\",\"text_color\":\"\",\"text_size\":\"\",\"column\":\"\",\"position\":\"\",\"position_z_index\":\"\",\"maxwidth\":\"\",\"maxwidth_breakpoint\":\"\",\"block_align\":\"\",\"block_align_breakpoint\":\"\",\"block_align_fallback\":\"\",\"text_align\":\"\",\"text_align_breakpoint\":\"\",\"text_align_fallback\":\"\",\"animation\":\"\",\"visibility\":\"\",\"content\":\"\n\n<p>Alle Inhalte und Werke auf meiner Seite unterliegen dem Urheberrecht. Vervielf\\u00e4ltigung, Bearbeitung, Verbreitung und jede Art der Verwertung bedarf der schriftlichen Zustimmung des jeweiligen Autors bzw. Erstellers (soweit nicht anders angegeben sowie im Rahmen der G\\u00fcltigkeit des Urheberrechts). Downloads und Kopien dieser Seite sind nicht gestattet.<\\\/p>\"}}]}]},{\"type\":\"row\",\"props\":{\"layout\":\"1-3,2-3\",\"breakpoint\":\"m\",\"fixed_width\":\"large\",\"column_gap\":\"\",\"row_gap\":\"\",\"width\":\"\",\"width_expand\":\"\",\"height\":\"\",\"margin\":\"\"},\"children\":[{\"type\":\"column\",\"props\":{\"image_position\":\"center-center\",\"media_overlay_gradient\":\"\",\"vertical_align\":\"\",\"style\":\"\",\"text_color\":\"\",\"padding\":\"\"},\"children\":[{\"type\":\"headline\",\"props\":{\"title_element\":\"h1\",\"title_style\":\"h2\",\"title_decoration\":\"bullet\",\"title_font_family\":\"\",\"title_color\":\"\",\"position\":\"\",\"position_z_index\":\"\",\"margin\":\"\",\"maxwidth\":\"\",\"maxwidth_breakpoint\":\"\",\"block_align\":\"\",\"block_align_breakpoint\":\"\",\"block_align_fallback\":\"\",\"text_align\":\"\",\"text_align_breakpoint\":\"\",\"text_align_fallback\":\"\",\"animation\":\"\",\"visibility\":\"\",\"content\":\"Datenschutz\"}}]},{\"type\":\"column\",\"props\":{\"image_position\":\"center-center\",\"media_overlay_gradient\":\"\",\"vertical_align\":\"\",\"style\":\"\",\"text_color\":\"\",\"padding\":\"\"},\"children\":[{\"type\":\"text\",\"props\":{\"margin\":\"default\",\"column_breakpoint\":\"m\",\"text_style\":\"\",\"text_color\":\"\",\"text_size\":\"\",\"column\":\"\",\"position\":\"\",\"position_z_index\":\"\",\"maxwidth\":\"\",\"maxwidth_breakpoint\":\"\",\"block_align\":\"\",\"block_align_breakpoint\":\"\",\"block_align_fallback\":\"\",\"text_align\":\"\",\"text_align_breakpoint\":\"\",\"text_align_fallback\":\"\",\"animation\":\"\",\"visibility\":\"\",\"content\":\"\n\n<p>Der Schutz Ihrer pers\\u00f6nlichen Daten bei der Nutzung dieser Website ist uns ein besonderes Anliegen. Ihre pers\\u00f6nlichen Daten werden daher ausschlie\\u00dflich unter Einhaltung der geltenden datenschutzrechtlichen Bestimmungen und ausschlie\\u00dflich zum Zwecke der Diensterbringung, sofern erforderlich, verarbeitet. Erfahren Sie mehr \\u00fcber unsere <a href=\\\"http:\\\/\\\/www.finhair.at\\\/cms\\\/datenschutz\\\/\\\">Datenschutzerkl\\u00e4rung<\\\/a><\\\/p>\"}}]}]}]}],\"version\":\"1.22.8\",\"props\":[]} --><\/p>\n","protected":false},"excerpt":{"rendered":"<p>Firmendaten Inhaberin: Jozefina Pigel T\u00e4tigkeitsbeschreibung: Fris\u00f6rsalons Haftung f\u00fcr Inhalte Trotz gr\u00f6\u00dftm\u00f6glicher Sorgfalt kann keine Haftung f\u00fcr die Korrektheit, Vollst\u00e4ndigkeit und Aktualit\u00e4t der Inhalte dieser Webseite \u00fcbernommen werden. \u00c4nderungen bleiben vorbehalten. Alle hier abrufbaren Informationen werden nur zum Zweck allgemeiner Information bereitgestellt und stellen in keinem Falle eine verbindliche Auskunft dar. Es wird keine Haftung f\u00fcr [&hellip;]<\/p>\n","protected":false},"author":2,"featured_media":0,"parent":0,"menu_order":3,"comment_status":"closed","ping_status":"closed","template":"","meta":{"footnotes":""},"class_list":["post-1541","page","type-page","status-publish","hentry"],"_links":{"self":[{"href":"https:\/\/www.finhair.at\/cms\/wp-json\/wp\/v2\/pages\/1541","targetHints":{"allow":["GET"]}}],"collection":[{"href":"https:\/\/www.finhair.at\/cms\/wp-json\/wp\/v2\/pages"}],"about":[{"href":"https:\/\/www.finhair.at\/cms\/wp-json\/wp\/v2\/types\/page"}],"author":[{"embeddable":true,"href":"https:\/\/www.finhair.at\/cms\/wp-json\/wp\/v2\/users\/2"}],"replies":[{"embeddable":true,"href":"https:\/\/www.finhair.at\/cms\/wp-json\/wp\/v2\/comments?post=1541"}],"version-history":[{"count":9,"href":"https:\/\/www.finhair.at\/cms\/wp-json\/wp\/v2\/pages\/1541\/revisions"}],"predecessor-version":[{"id":1694,"href":"https:\/\/www.finhair.at\/cms\/wp-json\/wp\/v2\/pages\/1541\/revisions\/1694"}],"wp:attachment":[{"href":"https:\/\/www.finhair.at\/cms\/wp-json\/wp\/v2\/media?parent=1541"}],"curies":[{"name":"wp","href":"https:\/\/api.w.org\/{rel}","templated":true}]}}