{"id":1535,"date":"2020-02-23T18:21:20","date_gmt":"2020-02-23T17:21:20","guid":{"rendered":"http:\/\/www.finhair.at\/cms\/?page_id=1535"},"modified":"2020-07-09T14:02:55","modified_gmt":"2020-07-09T13:02:55","slug":"produkte-2","status":"publish","type":"page","link":"https:\/\/www.finhair.at\/cms\/produkte-2\/","title":{"rendered":"Produkte"},"content":{"rendered":"<h1>Verst\u00e4ndnis des Sch\u00f6nen und\u00a0 Begeisterung f\u00fcr das Sch\u00f6ne sind eins.<\/p>\n<h5>&#8211; Marie von Ebner-Eschenbach<\/h5>\n<\/h1>\n<p><img decoding=\"async\" src=\"\/cms\/wp-content\/uploads\/finhair_produkte-scaled.jpg\" alt=\"\"><\/p>\n<h1>Unsere Produktlinien auch f\u00fcr zu Hause<\/h1>\n<p><img decoding=\"async\" src=\"\/cms\/wp-content\/uploads\/DSC8832-scaled.jpg\" alt=\"\"><\/p>\n<div>\n<h2>Verw\u00f6hnen Sie Ihr Haar mit professioneller Haarpflege<\/h2>\n<p>Wir bieten Ihnen professionelle Shampoos und Pflegeprodukte mit denen Sie Ihr Haar auch zu Hause so richtig verw\u00f6hnen k\u00f6nnen. Je nach Haartyp und gew\u00fcnschter Wirkung helfen wir Ihnen das Produkt zu w\u00e4hlen, das Ihr Haar ben\u00f6tigt.<\/p>\n<\/div>\n<p><img decoding=\"async\" src=\"\/cms\/wp-content\/uploads\/DSC8837-scaled.jpg\" alt=\"\"><\/p>\n<p><!-- {\"type\":\"layout\",\"children\":[{\"type\":\"section\",\"props\":{\"style\":\"default\",\"width\":\"default\",\"vertical_align\":\"middle\",\"title_position\":\"top-left\",\"title_rotation\":\"left\",\"title_breakpoint\":\"xl\",\"image_position\":\"center-center\",\"height\":\"expand\",\"padding\":\"small\",\"animation\":\"slide-left-medium\"},\"children\":[{\"type\":\"row\",\"props\":{\"layout\":\"1-2,1-2\",\"column_gap\":\"large\",\"row_gap\":\"large\"},\"children\":[{\"type\":\"column\",\"props\":{\"image_position\":\"center-center\",\"media_overlay_gradient\":\"\",\"vertical_align\":\"middle\",\"width_medium\":\"1-2\"},\"children\":[{\"type\":\"headline\",\"props\":{\"title_element\":\"h1\",\"content\":\"Verst\\u00e4ndnis des Sch\\u00f6nen und\\u00a0 Begeisterung f\\u00fcr das Sch\\u00f6ne sind eins.\\n\n\n<h5>- Marie von Ebner-Eschenbach<\\\/h5>\"}}]},{\"type\":\"column\",\"props\":{\"image_position\":\"center-center\",\"media_overlay_gradient\":\"\",\"width_medium\":\"1-2\"},\"children\":[{\"type\":\"image\",\"props\":{\"margin\":\"default\",\"image_svg_color\":\"emphasis\",\"text_align\":\"center\",\"animation\":\"slide-right\",\"image\":\"wp-content\\\/uploads\\\/finhair_produkte-scaled.jpg\",\"image_width\":\"440\"}}]}]}]},{\"type\":\"section\",\"props\":{\"style\":\"muted\",\"width\":\"default\",\"vertical_align\":\"middle\",\"title_position\":\"top-left\",\"title_rotation\":\"left\",\"title_breakpoint\":\"xl\",\"image_position\":\"center-center\",\"padding_remove_bottom\":false},\"children\":[{\"type\":\"row\",\"children\":[{\"type\":\"column\",\"props\":{\"image_position\":\"center-center\",\"media_overlay_gradient\":\"\",\"width_medium\":\"1-1\"},\"children\":[{\"type\":\"headline\",\"props\":{\"title_element\":\"h1\",\"content\":\"Unsere Produktlinien auch f\\u00fcr zu Hause\"}}]}]},{\"type\":\"row\",\"props\":{\"layout\":\"1-4,1-2,1-4\"},\"children\":[{\"type\":\"column\",\"props\":{\"image_position\":\"center-center\",\"media_overlay_gradient\":\"\",\"width_medium\":\"1-4\"},\"children\":[{\"type\":\"image\",\"props\":{\"margin\":\"default\",\"image_svg_color\":\"emphasis\",\"image\":\"wp-content\\\/uploads\\\/DSC8832-scaled.jpg\",\"image_height\":\"350\"}}]},{\"type\":\"column\",\"props\":{\"image_position\":\"center-center\",\"media_overlay_gradient\":\"\",\"width_medium\":\"1-2\"},\"children\":[{\"type\":\"text\",\"props\":{\"margin\":\"default\",\"column_breakpoint\":\"m\",\"content\":\"\n\n<h2>Verw\\u00f6hnen Sie Ihr Haar mit professioneller Haarpflege<\\\/h2>\\n\n\n<p>Wir bieten Ihnen professionelle Shampoos und Pflegeprodukte mit denen Sie Ihr Haar auch zu Hause so richtig verw\\u00f6hnen k\\u00f6nnen. Je nach Haartyp und gew\\u00fcnschter Wirkung helfen wir Ihnen das Produkt zu w\\u00e4hlen, das Ihr Haar ben\\u00f6tigt.<\\\/p>\"}}]},{\"type\":\"column\",\"props\":{\"image_position\":\"center-center\",\"media_overlay_gradient\":\"\",\"width_medium\":\"1-4\"},\"children\":[{\"type\":\"image\",\"props\":{\"margin\":\"default\",\"image_svg_color\":\"emphasis\",\"image\":\"wp-content\\\/uploads\\\/DSC8837-scaled.jpg\",\"image_height\":\"350\"}}]}]}]},{\"type\":\"section\",\"props\":{\"style\":\"default\",\"width\":\"default\",\"vertical_align\":\"middle\",\"title_position\":\"top-left\",\"title_rotation\":\"left\",\"title_breakpoint\":\"xl\",\"image_position\":\"center-center\"},\"children\":[{\"type\":\"row\",\"children\":[{\"type\":\"column\",\"props\":{\"image_position\":\"center-center\",\"media_overlay_gradient\":\"\",\"width_medium\":\"1-1\"},\"children\":[{\"type\":\"wordpress_widget\",\"props\":{\"widget\":\"custom_html-2\",\"style\":\"card-default\",\"menu_style\":\"nav\",\"type\":\"custom_html\"}}]}]}]}],\"version\":\"2.1.1\"} --><\/p>\n","protected":false},"excerpt":{"rendered":"<p>Verst\u00e4ndnis des Sch\u00f6nen und\u00a0 Begeisterung f\u00fcr das Sch\u00f6ne sind eins. &#8211; Marie von Ebner-Eschenbach Unsere Produktlinien auch f\u00fcr zu Hause Verw\u00f6hnen Sie Ihr Haar mit professioneller Haarpflege Wir bieten Ihnen professionelle Shampoos und Pflegeprodukte mit denen Sie Ihr Haar auch zu Hause so richtig verw\u00f6hnen k\u00f6nnen. Je nach Haartyp und gew\u00fcnschter Wirkung helfen wir Ihnen [&hellip;]<\/p>\n","protected":false},"author":2,"featured_media":0,"parent":0,"menu_order":3,"comment_status":"closed","ping_status":"closed","template":"","meta":{"footnotes":""},"class_list":["post-1535","page","type-page","status-publish","hentry"],"_links":{"self":[{"href":"https:\/\/www.finhair.at\/cms\/wp-json\/wp\/v2\/pages\/1535","targetHints":{"allow":["GET"]}}],"collection":[{"href":"https:\/\/www.finhair.at\/cms\/wp-json\/wp\/v2\/pages"}],"about":[{"href":"https:\/\/www.finhair.at\/cms\/wp-json\/wp\/v2\/types\/page"}],"author":[{"embeddable":true,"href":"https:\/\/www.finhair.at\/cms\/wp-json\/wp\/v2\/users\/2"}],"replies":[{"embeddable":true,"href":"https:\/\/www.finhair.at\/cms\/wp-json\/wp\/v2\/comments?post=1535"}],"version-history":[{"count":23,"href":"https:\/\/www.finhair.at\/cms\/wp-json\/wp\/v2\/pages\/1535\/revisions"}],"predecessor-version":[{"id":1754,"href":"https:\/\/www.finhair.at\/cms\/wp-json\/wp\/v2\/pages\/1535\/revisions\/1754"}],"wp:attachment":[{"href":"https:\/\/www.finhair.at\/cms\/wp-json\/wp\/v2\/media?parent=1535"}],"curies":[{"name":"wp","href":"https:\/\/api.w.org\/{rel}","templated":true}]}}