{"id":1532,"date":"2020-02-23T18:20:35","date_gmt":"2020-02-23T17:20:35","guid":{"rendered":"http:\/\/www.finhair.at\/cms\/?page_id=1532"},"modified":"2020-07-02T01:48:49","modified_gmt":"2020-07-02T00:48:49","slug":"meine-leistungen","status":"publish","type":"page","link":"https:\/\/www.finhair.at\/cms\/meine-leistungen\/","title":{"rendered":"Leistungen"},"content":{"rendered":"<h1>Machen Sie es sich zur Aufgabe, h\u00f6heren Anspr\u00fcchen zu gen\u00fcgen, als andere an Sie stellen.<\/p>\n<h5>&#8211; Henry Ward Beecher<\/h5>\n<\/h1>\n<p><img decoding=\"async\" src=\"wp-content\/uploads\/leistungen1-scaled.jpg\" alt=\"\"><\/p>\n<h1>Leistungen<\/h1>\n<ul>\n<li>\n<div>\n<p>Haarw\u00e4sche mit Kopfmassage<\/p>\n<\/div>\n<\/li>\n<li>\n<div>\n<p>Haarschnitt<\/p>\n<\/div>\n<\/li>\n<li>\n<div>\n<p>Intensive Haar &#8211; und Kopfhautpflege<\/p>\n<\/div>\n<\/li>\n<li>\n<div>\n<p>Coloration<\/p>\n<\/div>\n<\/li>\n<li>\n<div>\n<p>T\u00f6nung<\/p>\n<\/div>\n<\/li>\n<li>\n<div>\n<p>Str\u00e4hnentechnik<\/p>\n<\/div>\n<\/li>\n<li>\n<div>\n<p>Locken &amp; Wellen<\/p>\n<\/div>\n<\/li>\n<li>\n<div>\n<p>Flechten und Stecken<\/p>\n<\/div>\n<\/li>\n<li>\n<div>\n<p>&#8230; und vieles mehr<\/p>\n<\/div>\n<\/li>\n<\/ul>\n<p><!-- {\"type\":\"layout\",\"children\":[{\"type\":\"section\",\"props\":{\"style\":\"default\",\"width\":\"default\",\"vertical_align\":\"middle\",\"title_position\":\"top-left\",\"title_rotation\":\"left\",\"title_breakpoint\":\"xl\",\"image_position\":\"center-center\",\"text_color\":\"\",\"width_expand\":\"\",\"height\":\"expand\",\"padding\":\"small\",\"header_transparent\":\"\",\"animation\":\"slide-left-medium\",\"image\":\"\",\"image_size\":\"cover\",\"image_effect\":\"\",\"image_parallax_breakpoint\":\"\",\"image_visibility\":\"\",\"video_width\":\"\",\"video_height\":\"\",\"media_blend_mode\":\"\",\"image_width\":\"\",\"image_height\":\"\",\"padding_remove_bottom\":false},\"children\":[{\"type\":\"row\",\"props\":{\"layout\":\",\",\"breakpoint\":\"m\",\"fixed_width\":\"large\",\"column_gap\":\"large\",\"row_gap\":\"large\",\"width\":\"\",\"width_expand\":\"\",\"height\":\"\",\"margin\":\"\"},\"children\":[{\"type\":\"column\",\"props\":{\"image_position\":\"center-center\",\"media_overlay_gradient\":\"\",\"vertical_align\":\"middle\",\"style\":\"\",\"text_color\":\"\",\"padding\":\"\"},\"children\":[{\"type\":\"headline\",\"props\":{\"title_element\":\"h1\",\"title_style\":\"\",\"title_decoration\":\"\",\"title_font_family\":\"\",\"title_color\":\"\",\"position\":\"\",\"position_z_index\":\"\",\"margin\":\"\",\"maxwidth\":\"\",\"maxwidth_breakpoint\":\"\",\"block_align\":\"\",\"block_align_breakpoint\":\"\",\"block_align_fallback\":\"\",\"text_align\":\"\",\"text_align_breakpoint\":\"\",\"text_align_fallback\":\"\",\"animation\":\"\",\"visibility\":\"\",\"content\":\"Machen Sie es sich zur Aufgabe, h\\u00f6heren Anspr\\u00fcchen zu gen\\u00fcgen, als andere an Sie stellen.\\n\n\n<h5>- Henry Ward Beecher<\\\/h5>\"}}]},{\"type\":\"column\",\"props\":{\"image_position\":\"center-center\",\"media_overlay_gradient\":\"\",\"vertical_align\":\"\",\"style\":\"\",\"text_color\":\"\",\"padding\":\"\"},\"children\":[{\"type\":\"image\",\"props\":{\"margin\":\"default\",\"image_svg_color\":\"emphasis\",\"link_target\":\"\",\"image_border\":\"\",\"image_box_shadow\":\"\",\"image_hover_box_shadow\":\"\",\"image_box_decoration\":\"\",\"position\":\"\",\"position_z_index\":\"\",\"maxwidth\":\"\",\"maxwidth_breakpoint\":\"\",\"block_align\":\"\",\"block_align_breakpoint\":\"\",\"block_align_fallback\":\"\",\"text_align\":\"center\",\"text_align_breakpoint\":\"\",\"text_align_fallback\":\"\",\"animation\":\"slide-right\",\"visibility\":\"\",\"image\":\"wp-content\\\/uploads\\\/leistungen1-scaled.jpg\",\"image_width\":\"440\"}}]}]}]},{\"type\":\"section\",\"props\":{\"style\":\"muted\",\"width\":\"default\",\"vertical_align\":\"middle\",\"title_position\":\"top-left\",\"title_rotation\":\"left\",\"title_breakpoint\":\"xl\",\"image_position\":\"center-center\",\"text_color\":\"\",\"width_expand\":\"\",\"height\":\"\",\"padding\":\"\",\"header_transparent\":\"\",\"animation\":\"\",\"padding_remove_bottom\":false},\"children\":[{\"type\":\"row\",\"props\":{\"layout\":\",\",\"breakpoint\":\"m\",\"fixed_width\":\"large\",\"column_gap\":\"\",\"row_gap\":\"\",\"width\":\"\",\"width_expand\":\"\",\"height\":\"\",\"margin\":\"\"},\"children\":[{\"type\":\"column\",\"props\":{\"image_position\":\"center-center\",\"media_overlay_gradient\":\"\",\"vertical_align\":\"\",\"style\":\"\",\"text_color\":\"\",\"padding\":\"\"},\"children\":[{\"type\":\"headline\",\"props\":{\"title_element\":\"h1\",\"title_style\":\"h2\",\"title_decoration\":\"\",\"title_font_family\":\"\",\"title_color\":\"\",\"position\":\"\",\"position_z_index\":\"\",\"margin\":\"\",\"maxwidth\":\"\",\"maxwidth_breakpoint\":\"\",\"block_align\":\"\",\"block_align_breakpoint\":\"\",\"block_align_fallback\":\"\",\"text_align\":\"\",\"text_align_breakpoint\":\"\",\"text_align_fallback\":\"\",\"animation\":\"\",\"visibility\":\"\",\"content\":\"Leistungen\"}},{\"type\":\"list\",\"props\":{\"show_image\":true,\"show_link\":true,\"image_svg_color\":\"emphasis\",\"image_align\":\"left\",\"image_vertical_align\":true,\"list_style\":\"bullet\",\"content_style\":\"\",\"image_border\":\"\",\"icon_color\":\"\",\"link_style\":\"\",\"position\":\"\",\"position_z_index\":\"\",\"margin\":\"\",\"maxwidth\":\"\",\"maxwidth_breakpoint\":\"\",\"block_align\":\"\",\"block_align_breakpoint\":\"\",\"block_align_fallback\":\"\",\"text_align\":\"\",\"text_align_breakpoint\":\"\",\"text_align_fallback\":\"\",\"animation\":\"\",\"visibility\":\"\"},\"children\":[{\"type\":\"list_item\",\"props\":{\"icon_color\":\"\",\"content\":\"\n\n<p>Haarw\\u00e4sche mit Kopfmassage<\\\/p>\"}},{\"type\":\"list_item\",\"props\":{\"icon_color\":\"\",\"content\":\"\n\n<p>Haarschnitt<\\\/p>\"}},{\"type\":\"list_item\",\"props\":{\"icon_color\":\"\",\"content\":\"\n\n<p>Intensive Haar - und Kopfhautpflege<\\\/p>\"}},{\"type\":\"list_item\",\"props\":{\"icon_color\":\"\",\"content\":\"\n\n<p>Coloration<\\\/p>\"}},{\"type\":\"list_item\",\"props\":{\"icon_color\":\"\",\"content\":\"\n\n<p>T\\u00f6nung<\\\/p>\"}},{\"type\":\"list_item\",\"props\":{\"icon_color\":\"\",\"content\":\"\n\n<p>Str\\u00e4hnentechnik<\\\/p>\"}},{\"type\":\"list_item\",\"props\":{\"icon_color\":\"\",\"content\":\"\n\n<p>Locken &amp; Wellen<\\\/p>\"}},{\"type\":\"list_item\",\"props\":{\"icon_color\":\"\",\"content\":\"\n\n<p>Flechten und Stecken<\\\/p>\"}},{\"type\":\"list_item\",\"props\":{\"icon_color\":\"\",\"content\":\"\n\n<p>... und vieles mehr<\\\/p>\"}}]}]},{\"type\":\"column\",\"props\":{\"image_position\":\"center-center\",\"media_overlay_gradient\":\"\",\"vertical_align\":\"middle\",\"style\":\"\",\"text_color\":\"\",\"padding\":\"\",\"image\":\"\"},\"children\":[{\"type\":\"wordpress_widget\",\"props\":{\"widget\":\"custom_html-2\",\"style\":\"card-default\",\"title_style\":\"\",\"title_decoration\":\"\",\"title_font_family\":\"\",\"title_color\":\"\",\"list_style\":\"\",\"link_style\":\"\",\"menu_style\":\"nav\",\"position\":\"\",\"position_z_index\":\"\",\"margin\":\"\",\"maxwidth\":\"\",\"maxwidth_breakpoint\":\"\",\"block_align\":\"\",\"block_align_breakpoint\":\"\",\"block_align_fallback\":\"\",\"text_align\":\"\",\"text_align_breakpoint\":\"\",\"text_align_fallback\":\"\",\"animation\":\"\",\"visibility\":\"\",\"type\":\"custom_html\"}}]}]}]}],\"version\":\"1.22.8\",\"props\":[]} --><\/p>\n","protected":false},"excerpt":{"rendered":"<p>Machen Sie es sich zur Aufgabe, h\u00f6heren Anspr\u00fcchen zu gen\u00fcgen, als andere an Sie stellen. &#8211; Henry Ward Beecher Leistungen Haarw\u00e4sche mit Kopfmassage Haarschnitt Intensive Haar &#8211; und Kopfhautpflege Coloration T\u00f6nung Str\u00e4hnentechnik Locken &amp; Wellen Flechten und Stecken &#8230; und vieles mehr<\/p>\n","protected":false},"author":2,"featured_media":0,"parent":0,"menu_order":3,"comment_status":"closed","ping_status":"closed","template":"","meta":{"footnotes":""},"class_list":["post-1532","page","type-page","status-publish","hentry"],"_links":{"self":[{"href":"https:\/\/www.finhair.at\/cms\/wp-json\/wp\/v2\/pages\/1532","targetHints":{"allow":["GET"]}}],"collection":[{"href":"https:\/\/www.finhair.at\/cms\/wp-json\/wp\/v2\/pages"}],"about":[{"href":"https:\/\/www.finhair.at\/cms\/wp-json\/wp\/v2\/types\/page"}],"author":[{"embeddable":true,"href":"https:\/\/www.finhair.at\/cms\/wp-json\/wp\/v2\/users\/2"}],"replies":[{"embeddable":true,"href":"https:\/\/www.finhair.at\/cms\/wp-json\/wp\/v2\/comments?post=1532"}],"version-history":[{"count":35,"href":"https:\/\/www.finhair.at\/cms\/wp-json\/wp\/v2\/pages\/1532\/revisions"}],"predecessor-version":[{"id":1732,"href":"https:\/\/www.finhair.at\/cms\/wp-json\/wp\/v2\/pages\/1532\/revisions\/1732"}],"wp:attachment":[{"href":"https:\/\/www.finhair.at\/cms\/wp-json\/wp\/v2\/media?parent=1532"}],"curies":[{"name":"wp","href":"https:\/\/api.w.org\/{rel}","templated":true}]}}