{"id":1530,"date":"2020-02-23T18:20:00","date_gmt":"2020-02-23T17:20:00","guid":{"rendered":"http:\/\/www.finhair.at\/cms\/?page_id=1530"},"modified":"2020-07-09T14:14:57","modified_gmt":"2020-07-09T13:14:57","slug":"uber-mich","status":"publish","type":"page","link":"https:\/\/www.finhair.at\/cms\/uber-mich\/","title":{"rendered":"\u00dcber mich"},"content":{"rendered":"<h1>W\u00e4hle einen Beruf, den du liebst, und du brauchst keinen Tag in deinem Leben mehr zu arbeiten.<\/p>\n<h5>-Konfuzius <\/h5>\n<\/h1>\n<p><img decoding=\"async\" src=\"\/cms\/wp-content\/uploads\/fini_trockenhaube-scaled.jpg\" alt=\"\"><\/p>\n<div>\n<div id=\"c4720\" class=\"col col-md-6 col-lg-6 col-sm-12\">\n<div class=\"module text\">\n<h2 class=\"subtitle\">Friseurmeisterin Jozefina Pigel &#8211;<br \/>Master of colour &amp; cuts von A-Z<\/h2>\n<\/div>\n<div class=\"module text\">\n<p class=\"bodytext\">Fini Pigel arbeitet seit 15 Jahren als Friseurin und hat in ihrer beruflichen Laufbahn stets mit viel Liebe und Leidenschaft Haare geschnitten, gef\u00e4rbt und gestylt.<\/p>\n<p class=\"bodytext\">Als frisch gebackene Friseurmeisterin erf\u00fcllte sich Fini einen langgehegten Traum und er\u00f6ffnete 2019 ihr eigenes Studio, in welchem sie seither ihre Kunden nach vorheriger Terminvereinbarung empf\u00e4ngt.\u00a0<\/p>\n<p>Ihre Motivation, ihr Handwerk mit h\u00f6chster Perfektion und Kreativit\u00e4t auszuf\u00fchren, l\u00e4sst sich mit einem Satz zusammenfassen: \u201eIch m\u00f6chte, dass meine Kunden mit ihrem Aussehen gl\u00fccklich und zufrieden sind und habe gro\u00dfe Freude daran, dazu beitragen zu d\u00fcrfen.\u201c<\/p>\n<p>Auf der Suche nach der optimalen L\u00f6sung f\u00fcr ihre Kunden nutzt sie die n\u00f6tige Handwerkskunst als Basis, um ihre eigenen Qualit\u00e4tsanspr\u00fcche sowie die W\u00fcnsche und Vorstellungen ihrer Kunden bestm\u00f6glich in Einklang zu bringen.<\/p>\n<\/div>\n<\/div>\n<\/div>\n<p><!-- {\"name\":\"Home\",\"type\":\"layout\",\"children\":[{\"name\":\"Hero\",\"type\":\"section\",\"props\":{\"width\":\"default\",\"padding\":\"small\",\"style\":\"default\",\"height\":\"expand\",\"image_size\":\"cover\",\"animation\":\"slide-left-medium\",\"animation_delay\":false,\"image_position\":\"center-center\",\"vertical_align\":\"middle\",\"title_position\":\"top-left\",\"title_rotation\":\"left\",\"title_breakpoint\":\"xl\",\"image\":\"\",\"padding_remove_bottom\":false},\"children\":[{\"name\":\"\",\"type\":\"row\",\"props\":{\"layout\":\"1-2,1-2\",\"vertical_align\":true,\"column_gap\":\"large\",\"row_gap\":\"large\"},\"children\":[{\"name\":\"\",\"type\":\"column\",\"props\":{\"image_position\":\"center-center\",\"vertical_align\":\"middle\",\"media_overlay_gradient\":\"\",\"width_medium\":\"1-2\"},\"children\":[{\"type\":\"headline\",\"props\":{\"title_element\":\"h1\",\"content\":\"W\\u00e4hle einen Beruf, den du liebst, und du brauchst keinen Tag in deinem Leben mehr zu arbeiten.\\n\n\n<h5>-Konfuzius <\\\/h5>\"}}]},{\"name\":\"\",\"type\":\"column\",\"props\":{\"image_position\":\"center-center\",\"vertical_align\":\"middle\",\"media_overlay_gradient\":\"\",\"width_medium\":\"1-2\"},\"children\":[{\"name\":\"\",\"type\":\"image\",\"props\":{\"margin\":\"default\",\"image\":\"wp-content\\\/uploads\\\/fini_trockenhaube-scaled.jpg\",\"text_align\":\"center\",\"animation\":\"slide-right\",\"image_alt\":\"\",\"image_width\":\"440\",\"image_svg_color\":\"emphasis\"}}]}]}]},{\"name\":\"Services\",\"type\":\"section\",\"props\":{\"width\":\"default\",\"style\":\"muted\",\"image_size\":\"cover\",\"animation\":\"slide-left-medium\",\"image_position\":\"center-center\",\"vertical_align\":\"middle\",\"title_position\":\"top-left\",\"title_rotation\":\"left\",\"title_breakpoint\":\"xl\",\"image\":\"\",\"overlap\":false},\"children\":[{\"name\":\"\",\"type\":\"row\",\"props\":{\"layout\":\"1-2,1-2\",\"vertical_align\":true,\"column_gap\":\"large\",\"row_gap\":\"large\"},\"children\":[{\"name\":\"\",\"type\":\"column\",\"props\":{\"image_position\":\"center-center\",\"vertical_align\":\"middle\",\"media_overlay_gradient\":\"\",\"width_medium\":\"1-2\"},\"children\":[{\"type\":\"text\",\"props\":{\"margin\":\"default\",\"column_breakpoint\":\"m\",\"content\":\"\n\n<div id=\\\"c4720\\\" class=\\\"col col-md-6 col-lg-6 col-sm-12\\\">\\n\n\n<div class=\\\"module text\\\">\\n\n\n<h2 class=\\\"subtitle\\\">Friseurmeisterin Jozefina Pigel -<br \\\/>Master of colour &amp; cuts von A-Z<\\\/h2>\\n<\\\/div>\\n\n\n<div class=\\\"module text\\\">\\n\n\n<p class=\\\"bodytext\\\">Fini Pigel arbeitet seit 15 Jahren als Friseurin und hat in ihrer beruflichen Laufbahn stets mit viel Liebe und Leidenschaft Haare geschnitten, gef\\u00e4rbt und gestylt.<\\\/p>\\n\n\n<p class=\\\"bodytext\\\">Als frisch gebackene Friseurmeisterin erf\\u00fcllte sich Fini einen langgehegten Traum und er\\u00f6ffnete 2019 ihr eigenes Studio, in welchem sie seither ihre Kunden nach vorheriger Terminvereinbarung empf\\u00e4ngt.\\u00a0<\\\/p>\\n\n\n<p>Ihre Motivation, ihr Handwerk mit h\\u00f6chster Perfektion und Kreativit\\u00e4t auszuf\\u00fchren, l\\u00e4sst sich mit einem Satz zusammenfassen: \\u201eIch m\\u00f6chte, dass meine Kunden mit ihrem Aussehen gl\\u00fccklich und zufrieden sind und habe gro\\u00dfe Freude daran, dazu beitragen zu d\\u00fcrfen.\\u201c<\\\/p>\\n\n\n<p>Auf der Suche nach der optimalen L\\u00f6sung f\\u00fcr ihre Kunden nutzt sie die n\\u00f6tige Handwerkskunst als Basis, um ihre eigenen Qualit\\u00e4tsanspr\\u00fcche sowie die W\\u00fcnsche und Vorstellungen ihrer Kunden bestm\\u00f6glich in Einklang zu bringen.<\\\/p>\\n<\\\/div>\\n<\\\/div>\"}}]},{\"type\":\"column\",\"props\":{\"image_position\":\"center-center\",\"media_overlay_gradient\":\"\",\"width_medium\":\"1-2\"},\"children\":[{\"type\":\"wordpress_widget\",\"props\":{\"widget\":\"custom_html-2\",\"style\":\"card-default\",\"menu_style\":\"nav\",\"type\":\"custom_html\"}}]}]}]}],\"version\":\"2.1.1\"} --><\/p>\n","protected":false},"excerpt":{"rendered":"<p>W\u00e4hle einen Beruf, den du liebst, und du brauchst keinen Tag in deinem Leben mehr zu arbeiten. -Konfuzius Friseurmeisterin Jozefina Pigel &#8211;Master of colour &amp; cuts von A-Z Fini Pigel arbeitet seit 15 Jahren als Friseurin und hat in ihrer beruflichen Laufbahn stets mit viel Liebe und Leidenschaft Haare geschnitten, gef\u00e4rbt und gestylt. Als frisch [&hellip;]<\/p>\n","protected":false},"author":2,"featured_media":0,"parent":0,"menu_order":3,"comment_status":"closed","ping_status":"closed","template":"","meta":{"footnotes":""},"class_list":["post-1530","page","type-page","status-publish","hentry"],"_links":{"self":[{"href":"https:\/\/www.finhair.at\/cms\/wp-json\/wp\/v2\/pages\/1530","targetHints":{"allow":["GET"]}}],"collection":[{"href":"https:\/\/www.finhair.at\/cms\/wp-json\/wp\/v2\/pages"}],"about":[{"href":"https:\/\/www.finhair.at\/cms\/wp-json\/wp\/v2\/types\/page"}],"author":[{"embeddable":true,"href":"https:\/\/www.finhair.at\/cms\/wp-json\/wp\/v2\/users\/2"}],"replies":[{"embeddable":true,"href":"https:\/\/www.finhair.at\/cms\/wp-json\/wp\/v2\/comments?post=1530"}],"version-history":[{"count":21,"href":"https:\/\/www.finhair.at\/cms\/wp-json\/wp\/v2\/pages\/1530\/revisions"}],"predecessor-version":[{"id":1755,"href":"https:\/\/www.finhair.at\/cms\/wp-json\/wp\/v2\/pages\/1530\/revisions\/1755"}],"wp:attachment":[{"href":"https:\/\/www.finhair.at\/cms\/wp-json\/wp\/v2\/media?parent=1530"}],"curies":[{"name":"wp","href":"https:\/\/api.w.org\/{rel}","templated":true}]}}