{"id":1459,"date":"2020-02-13T12:44:05","date_gmt":"2020-02-13T11:44:05","guid":{"rendered":"http:\/\/www.finhair.at\/cms\/?page_id=1459"},"modified":"2024-05-20T10:52:44","modified_gmt":"2024-05-20T09:52:44","slug":"startseite","status":"publish","type":"page","link":"https:\/\/www.finhair.at\/cms\/","title":{"rendered":"Startseite"},"content":{"rendered":"<p><img decoding=\"async\" src=\"\/cms\/wp-content\/uploads\/Finahir_Fini_DSC8607-scaled.jpg\" alt=\"\"><br \/>\n<img decoding=\"async\" src=\"\/cms\/wp-content\/uploads\/IMG_2369-1-FinHair-Fini-Jozefina-Pigel-Meister-Friseur.jpg\" alt=\"Meisterfriseurin Jozefina Pigel\"><\/p>\n<h1>Finhair &#8211; Hairstyling in Perfektion<\/h1>\n<h2>Perfektes Styling f\u00fcr einen glanzvollen Auftritt<\/h2>\n<div>\n<p>Die perfekte Frisur selbst verhilft zu einem glamour\u00f6sen Auftritt, schmeichelt und unterstreicht die Pers\u00f6nlichkeit.\u00a0<\/p>\n<p>Durch meine Ausbildung und langj\u00e4hrige Erfahrung kann ich Ihnen zu Ihrem perfekten Look verhelfen.<\/p>\n<p>Pers\u00f6nliche Beratung f\u00fcr ein typgerechtes Styling steht bei mir an erster Stelle, so dass wir gemeinsam die an Ihre Bed\u00fcrfnisse angepasste, optimale Frisur kreieren k\u00f6nnen.<\/p>\n<p>K<a href=\"http:\/\/www.finhair.at\/cms\/?page_id=18\">ontaktieren Sie mich gerne f\u00fcr ein pers\u00f6nliches Beratungsgespr\u00e4ch!<\/a><\/p>\n<\/div>\n<p>\n    <a href=\"\/cms\/uber-mich\/\">\u00bb Erfahren Sie mehr \u00fcber mich<\/a>\n<\/p>\n<div>\n<h3>Love is in the Hair<\/h3>\n<p>Meine Leistungen<\/p>\n<div>\n<p>Ihre Zufriedenheit liegt mir am Herzen! <br \/> Erst wenn Sie zufrieden mit einem L\u00e4cheln auf den Lippen aus meinem Salon nach Hause gehen, kann auch ich zufrieden sein. Verraten Sie mir, was Sie sich vorstellen und ich berate Sie gerne, was ich f\u00fcr Sie machen kann. <a href=\"http:\/\/www.finhair.at\/cms\/meine-leistungen\/\">Verschaffen Sie sich einen  \u00dcberblick \u00fcber mein Angebot!<\/a><\/p>\n<\/div>\n<p><a href=\"\/cms\/meine-leistungen\/\">\u00bb  Meine Leistungen<\/a><\/p>\n<\/div>\n<ul>\n<li>\n<p><img decoding=\"async\" src=\"\/cms\/wp-content\/uploads\/4.jpg\" alt=\"\"><\/p>\n<\/li>\n<li>\n<p><img decoding=\"async\" src=\"\/cms\/wp-content\/uploads\/2.jpg\" alt=\"\"><\/p>\n<\/li>\n<\/ul>\n<ul>\n<li>\n<p><img decoding=\"async\" src=\"\/cms\/wp-content\/uploads\/produkte.jpg\" alt=\"\"><\/p>\n<h3>Produkte<\/h3>\n<p><a href=\"\/cms\/produkte-2\/\"><\/a><\/p>\n<\/li>\n<li>\n<p><img decoding=\"async\" src=\"\/cms\/wp-content\/uploads\/leistungen.jpg\" alt=\"\"><\/p>\n<h3>Leistungen<\/h3>\n<p><a href=\"\/cms\/meine-leistungen\/\"><\/a><\/p>\n<\/li>\n<li>\n<p><img decoding=\"async\" src=\"\/cms\/wp-content\/uploads\/AnfahrtUndKontakt.jpg\" alt=\"\"><\/p>\n<h3>Kontakt und Anfahrt<\/h3>\n<p><a href=\"\/cms\/kontakt\/\"><\/a><\/p>\n<\/li>\n<\/ul>\n<div>\n<p>48.2141,16.3415<\/p>\n<h3>FINHAIR<\/h3>\n<div>\n<p><a href=\"https:\/\/www.google.com\/maps?cid=14924137323489596945&amp;hl=de&amp;_ga=2.184812969.1209992862.1593651619-570305446.1593651619\" target=\"blank\">Breitenfelder Gasse 22\/9, <br \/>1080 Wien<\/a><\/p>\n<\/div>\n<\/div>\n<p><!--more--><br \/>\n<!-- {\"name\":\"Home\",\"type\":\"layout\",\"children\":[{\"type\":\"section\",\"props\":{\"image_position\":\"center-center\",\"padding\":\"small\",\"padding_remove_bottom\":true,\"padding_remove_top\":false,\"status\":\"disabled\",\"style\":\"default\",\"title_breakpoint\":\"xl\",\"title_position\":\"top-left\",\"title_rotation\":\"left\",\"vertical_align\":\"middle\",\"width\":\"default\"},\"children\":[{\"type\":\"row\",\"children\":[{\"type\":\"column\",\"props\":{\"image_position\":\"center-center\",\"position_sticky_breakpoint\":\"m\",\"width_medium\":\"1-1\"},\"children\":[{\"type\":\"slideshow\",\"props\":{\"link_style\":\"default\",\"link_text\":\"Read more\",\"margin\":\"default\",\"meta_align\":\"below-title\",\"meta_element\":\"div\",\"meta_style\":\"text-meta\",\"nav\":\"dotnav\",\"nav_align\":\"center\",\"nav_breakpoint\":\"s\",\"nav_position\":\"bottom-center\",\"nav_position_margin\":\"medium\",\"overlay_animation\":\"parallax\",\"overlay_position\":\"center-left\",\"show_content\":true,\"show_link\":true,\"show_meta\":true,\"show_thumbnail\":true,\"show_title\":true,\"slidenav\":\"default\",\"slidenav_breakpoint\":\"s\",\"slidenav_margin\":\"medium\",\"slidenav_outside_breakpoint\":\"xl\",\"slideshow_autoplay_pause\":true,\"slideshow_min_height\":300,\"thumbnav_height\":\"75\",\"thumbnav_svg_color\":\"emphasis\",\"thumbnav_width\":\"100\",\"title_element\":\"h3\"},\"children\":[{\"type\":\"slideshow_item\",\"props\":{\"image\":\"wp-content\\\/uploads\\\/Finahir_Fini_DSC8607-scaled.jpg\"}}]}]}]}]},{\"type\":\"section\",\"props\":{\"image_position\":\"center-center\",\"style\":\"default\",\"title_breakpoint\":\"xl\",\"title_position\":\"top-left\",\"title_rotation\":\"left\",\"vertical_align\":\"middle\",\"width\":\"default\"},\"children\":[{\"type\":\"row\",\"children\":[{\"type\":\"column\",\"props\":{\"image_position\":\"center-center\",\"position_sticky_breakpoint\":\"m\"},\"children\":[{\"type\":\"image\",\"props\":{\"image\":\"wp-content\\\/uploads\\\/Finahir_Fini_DSC8607-scaled.jpg\",\"image_svg_color\":\"emphasis\",\"margin\":\"default\"}}]}]}]},{\"name\":\"Hero\",\"type\":\"section\",\"props\":{\"animation\":\"slide-left-medium\",\"animation_delay\":false,\"image_position\":\"center-center\",\"image_size\":\"cover\",\"padding_remove_bottom\":false,\"padding_remove_top\":false,\"style\":\"default\",\"title_breakpoint\":\"xl\",\"title_position\":\"top-left\",\"title_rotation\":\"left\",\"vertical_align\":\"middle\",\"width\":\"default\"},\"children\":[{\"type\":\"row\",\"props\":{\"column_gap\":\"large\",\"layout\":\"1-2,1-2\",\"row_gap\":\"large\",\"vertical_align\":true},\"children\":[{\"type\":\"column\",\"props\":{\"image_position\":\"center-center\",\"position_sticky_breakpoint\":\"m\",\"vertical_align\":\"middle\",\"width_medium\":\"1-2\"},\"children\":[{\"type\":\"image\",\"props\":{\"image\":\"wp-content\\\/uploads\\\/IMG_2369-1-FinHair-Fini-Jozefina-Pigel-Meister-Friseur.jpg\",\"image_alt\":\"Meisterfriseurin Jozefina Pigel\",\"image_svg_color\":\"emphasis\",\"margin\":\"default\"}}]},{\"type\":\"column\",\"props\":{\"image_position\":\"center-center\",\"position_sticky_breakpoint\":\"m\",\"vertical_align\":\"middle\",\"width_medium\":\"1-2\"},\"children\":[{\"type\":\"headline\",\"props\":{\"content\":\"Finhair - Hairstyling in Perfektion\",\"margin_remove_bottom\":false,\"text_align\":\"left\",\"text_align_breakpoint\":\"m\",\"text_align_fallback\":\"center\",\"title_color\":\"primary\",\"title_element\":\"h1\",\"title_style\":\"h6\"}},{\"type\":\"headline\",\"props\":{\"block_align\":\"center\",\"content\":\"Perfektes Styling f\\u00fcr einen glanzvollen Auftritt\",\"margin_remove_top\":false,\"maxwidth\":\"xlarge\",\"text_align\":\"left\",\"text_align_breakpoint\":\"m\",\"text_align_fallback\":\"center\",\"title_element\":\"h2\",\"title_style\":\"h1\"}},{\"type\":\"text\",\"props\":{\"block_align\":\"center\",\"column_breakpoint\":\"m\",\"content\":\"\n\n<p>Die perfekte Frisur selbst verhilft zu einem glamour\\u00f6sen Auftritt, schmeichelt und unterstreicht die Pers\\u00f6nlichkeit.\\u00a0<\\\/p>\\n\n\n<p>Durch meine Ausbildung und langj\\u00e4hrige Erfahrung kann ich Ihnen zu Ihrem perfekten Look verhelfen.<\\\/p>\\n\n\n<p>Pers\\u00f6nliche Beratung f\\u00fcr ein typgerechtes Styling steht bei mir an erster Stelle, so dass wir gemeinsam die an Ihre Bed\\u00fcrfnisse angepasste, optimale Frisur kreieren k\\u00f6nnen.<\\\/p>\\n\n\n<p>K<a href=\\\"http:\\\/\\\/www.finhair.at\\\/cms\\\/?page_id=18\\\">ontaktieren Sie mich gerne f\\u00fcr ein pers\\u00f6nliches Beratungsgespr\\u00e4ch!<\\\/a><\\\/p>\",\"margin\":\"default\",\"text_align\":\"left\",\"text_align_breakpoint\":\"m\",\"text_align_fallback\":\"center\"}},{\"type\":\"button\",\"props\":{\"grid_column_gap\":\"small\",\"grid_row_gap\":\"small\",\"margin\":\"large\",\"text_align\":\"left\",\"text_align_breakpoint\":\"m\",\"text_align_fallback\":\"center\"},\"children\":[{\"type\":\"button_item\",\"props\":{\"button_style\":\"default\",\"content\":\"\\u00bb Erfahren Sie mehr \\u00fcber mich\",\"icon_align\":\"left\",\"link\":\"uber-mich\\\/\",\"link_title\":\"Explore\"}}]}]}]}]},{\"name\":\"Services\",\"type\":\"section\",\"props\":{\"animation\":\"slide-left-medium\",\"image_position\":\"center-center\",\"image_size\":\"cover\",\"style\":\"muted\",\"title_breakpoint\":\"xl\",\"title_position\":\"top-left\",\"title_rotation\":\"left\",\"vertical_align\":\"middle\",\"width\":\"default\"},\"children\":[{\"type\":\"row\",\"props\":{\"column_gap\":\"large\",\"layout\":\"large,expand\",\"row_gap\":\"large\",\"vertical_align\":true},\"children\":[{\"type\":\"column\",\"props\":{\"image_position\":\"center-center\",\"position_sticky_breakpoint\":\"m\",\"vertical_align\":\"middle\",\"width_medium\":\"xlarge\"},\"children\":[{\"type\":\"panel\",\"props\":{\"content\":\"\n\n<p>Ihre Zufriedenheit liegt mir am Herzen! <br \/> Erst wenn Sie zufrieden mit einem L\\u00e4cheln auf den Lippen aus meinem Salon nach Hause gehen, kann auch ich zufrieden sein. Verraten Sie mir, was Sie sich vorstellen und ich berate Sie gerne, was ich f\\u00fcr Sie machen kann. <a href=\\\"http:\\\/\\\/www.finhair.at\\\/cms\\\/meine-leistungen\\\/\\\">Verschaffen Sie sich einen  \\u00dcberblick \\u00fcber mein Angebot!<\\\/a><\\\/p>\",\"content_column_breakpoint\":\"m\",\"icon_width\":80,\"image_align\":\"top\",\"image_grid_breakpoint\":\"m\",\"image_grid_width\":\"1-2\",\"image_svg_color\":\"emphasis\",\"link\":\"meine-leistungen\\\/\",\"link_margin\":\"large\",\"link_style\":\"text\",\"link_target\":false,\"link_text\":\"\\u00bb  Meine Leistungen\",\"margin\":\"default\",\"meta\":\"Meine Leistungen\",\"meta_align\":\"above-title\",\"meta_element\":\"div\",\"meta_style\":\"h6\",\"panel_padding\":\"large\",\"panel_style\":\"card-default\",\"title\":\"Love is in the Hair\",\"title_align\":\"top\",\"title_element\":\"h3\",\"title_grid_breakpoint\":\"m\",\"title_grid_width\":\"1-2\",\"title_hover_style\":\"reset\",\"title_style\":\"h1\"}}]},{\"type\":\"column\",\"props\":{\"image_position\":\"center-center\",\"position_sticky_breakpoint\":\"m\",\"vertical_align\":\"middle\",\"width_medium\":\"expand\"},\"children\":[{\"type\":\"grid\",\"props\":{\"content_column_breakpoint\":\"m\",\"filter_align\":\"left\",\"filter_all\":true,\"filter_grid_breakpoint\":\"m\",\"filter_grid_width\":\"auto\",\"filter_position\":\"top\",\"filter_style\":\"tab\",\"grid_default\":\"1\",\"grid_medium\":\"\",\"grid_small\":\"2\",\"icon_width\":80,\"image_align\":\"top\",\"image_grid_breakpoint\":\"m\",\"image_grid_width\":\"1-2\",\"image_svg_animate\":true,\"image_svg_color\":\"muted\",\"image_svg_inline\":true,\"item_animation\":true,\"link_style\":\"default\",\"link_text\":\"Read more\",\"margin\":\"medium\",\"meta_align\":\"below-title\",\"meta_element\":\"div\",\"meta_style\":\"text-meta\",\"parallax_easing\":\"1\",\"show_content\":true,\"show_image\":true,\"show_link\":true,\"show_meta\":true,\"show_title\":true,\"text_align\":\"left\",\"text_align_breakpoint\":\"s\",\"text_align_fallback\":\"center\",\"title_align\":\"top\",\"title_element\":\"h3\",\"title_grid_breakpoint\":\"m\",\"title_grid_width\":\"1-2\",\"title_hover_style\":\"reset\",\"title_style\":\"h4\"},\"children\":[{\"type\":\"grid_item\",\"props\":{\"content\":\"\",\"image\":\"wp-content\\\/uploads\\\/4.jpg\",\"title\":\"\"}},{\"type\":\"grid_item\",\"props\":{\"content\":\"\",\"image\":\"wp-content\\\/uploads\\\/2.jpg\",\"title\":\"\"}}]}]}]}]},{\"name\":\"Teaser\",\"type\":\"section\",\"props\":{\"animation\":\"fade\",\"animation_delay\":\"200\",\"image_position\":\"center-center\",\"image_size\":\"cover\",\"padding_remove_bottom\":true,\"style\":\"default\",\"title_breakpoint\":\"xl\",\"title_position\":\"top-left\",\"title_rotation\":\"left\",\"vertical_align\":\"middle\",\"width\":\"\"},\"children\":[{\"type\":\"row\",\"children\":[{\"type\":\"column\",\"props\":{\"image_position\":\"center-center\",\"position_sticky_breakpoint\":\"m\",\"width_medium\":\"1-1\"},\"children\":[{\"type\":\"grid\",\"props\":{\"content_column_breakpoint\":\"m\",\"filter_align\":\"left\",\"filter_all\":true,\"filter_grid_breakpoint\":\"m\",\"filter_grid_width\":\"auto\",\"filter_position\":\"top\",\"filter_style\":\"tab\",\"grid_column_gap\":\"small\",\"grid_default\":\"1\",\"grid_medium\":\"3\",\"grid_row_gap\":\"small\",\"icon_width\":80,\"image_align\":\"top\",\"image_grid_breakpoint\":\"m\",\"image_grid_width\":\"1-2\",\"image_link\":true,\"image_svg_color\":\"emphasis\",\"image_width\":\"960\",\"item_animation\":true,\"link_style\":\"default\",\"link_text\":\"\",\"margin\":\"default\",\"meta_align\":\"below-title\",\"meta_element\":\"div\",\"meta_style\":\"text-meta\",\"parallax_easing\":\"1\",\"show_content\":true,\"show_image\":true,\"show_link\":true,\"show_meta\":true,\"show_title\":true,\"text_align\":\"center\",\"title_align\":\"top\",\"title_element\":\"h3\",\"title_grid_breakpoint\":\"m\",\"title_grid_width\":\"1-2\",\"title_hover_style\":\"reset\",\"title_link\":true,\"title_style\":\"h5\"},\"children\":[{\"type\":\"grid_item\",\"props\":{\"image\":\"wp-content\\\/uploads\\\/produkte.jpg\",\"link\":\"produkte-2\\\/\",\"title\":\"Produkte\"}},{\"type\":\"grid_item\",\"props\":{\"image\":\"wp-content\\\/uploads\\\/leistungen.jpg\",\"link\":\"meine-leistungen\\\/\",\"title\":\"Leistungen\"}},{\"type\":\"grid_item\",\"props\":{\"image\":\"wp-content\\\/uploads\\\/AnfahrtUndKontakt.jpg\",\"link\":\"kontakt\\\/\",\"title\":\"Kontakt und Anfahrt\"}}]}]}]}]},{\"type\":\"section\",\"props\":{\"animation\":\"slide-bottom\",\"image_position\":\"center-center\",\"overlap\":false,\"style\":\"default\",\"title_breakpoint\":\"xl\",\"title_position\":\"top-left\",\"title_rotation\":\"left\",\"vertical_align\":\"middle\",\"width\":\"\"},\"children\":[{\"type\":\"row\",\"children\":[{\"type\":\"column\",\"props\":{\"image_position\":\"center-center\",\"position_sticky_breakpoint\":\"m\",\"width_medium\":\"1-1\"},\"children\":[{\"type\":\"map\",\"props\":{\"controls\":true,\"dragging\":false,\"image_svg_color\":\"emphasis\",\"link_style\":\"default\",\"link_text\":\"Read more\",\"margin\":\"default\",\"max_zoom\":18,\"meta_align\":\"below-title\",\"meta_element\":\"div\",\"meta_style\":\"text-meta\",\"min_zoom\":0,\"poi\":false,\"show_content\":true,\"show_image\":true,\"show_link\":true,\"show_meta\":true,\"show_title\":true,\"title_element\":\"h3\",\"title_hover_style\":\"reset\",\"type\":\"roadmap\",\"zoom\":\"12\",\"zooming\":false},\"children\":[{\"type\":\"map_item\",\"props\":{\"content\":\"\n\n<p><a href=\\\"https:\\\/\\\/www.google.com\\\/maps?cid=14924137323489596945&amp;hl=de&amp;_ga=2.184812969.1209992862.1593651619-570305446.1593651619\\\" target=\\\"blank\\\">Breitenfelder Gasse 22\\\/9, <br \/>1080 Wien<\\\/a><\\\/p>\",\"hide\":false,\"location\":\"48.2141,16.3415\",\"show_popup\":true,\"title\":\"FINHAIR\"}}]}]}]}]}],\"version\":\"4.3.13\"} --><\/p>\n","protected":false},"excerpt":{"rendered":"<p>Finhair &#8211; Hairstyling in Perfektion Perfektes Styling f\u00fcr einen glanzvollen Auftritt Die perfekte Frisur selbst verhilft zu einem glamour\u00f6sen Auftritt, schmeichelt und unterstreicht die Pers\u00f6nlichkeit.\u00a0 Durch meine Ausbildung und langj\u00e4hrige Erfahrung kann ich Ihnen zu Ihrem perfekten Look verhelfen. Pers\u00f6nliche Beratung f\u00fcr ein typgerechtes Styling steht bei mir an erster Stelle, so dass wir gemeinsam [&hellip;]<\/p>\n","protected":false},"author":2,"featured_media":0,"parent":0,"menu_order":3,"comment_status":"closed","ping_status":"closed","template":"","meta":{"footnotes":""},"class_list":["post-1459","page","type-page","status-publish","hentry"],"_links":{"self":[{"href":"https:\/\/www.finhair.at\/cms\/wp-json\/wp\/v2\/pages\/1459","targetHints":{"allow":["GET"]}}],"collection":[{"href":"https:\/\/www.finhair.at\/cms\/wp-json\/wp\/v2\/pages"}],"about":[{"href":"https:\/\/www.finhair.at\/cms\/wp-json\/wp\/v2\/types\/page"}],"author":[{"embeddable":true,"href":"https:\/\/www.finhair.at\/cms\/wp-json\/wp\/v2\/users\/2"}],"replies":[{"embeddable":true,"href":"https:\/\/www.finhair.at\/cms\/wp-json\/wp\/v2\/comments?post=1459"}],"version-history":[{"count":52,"href":"https:\/\/www.finhair.at\/cms\/wp-json\/wp\/v2\/pages\/1459\/revisions"}],"predecessor-version":[{"id":1780,"href":"https:\/\/www.finhair.at\/cms\/wp-json\/wp\/v2\/pages\/1459\/revisions\/1780"}],"wp:attachment":[{"href":"https:\/\/www.finhair.at\/cms\/wp-json\/wp\/v2\/media?parent=1459"}],"curies":[{"name":"wp","href":"https:\/\/api.w.org\/{rel}","templated":true}]}}